{"id":806,"date":"2026-04-11T07:33:02","date_gmt":"2026-04-11T07:33:02","guid":{"rendered":"https:\/\/barostore.azdigi.shop\/?post_type=product&#038;p=806"},"modified":"2026-04-11T07:33:02","modified_gmt":"2026-04-11T07:33:02","slug":"vong-tay-tram-huong","status":"publish","type":"product","link":"https:\/\/barostore.azdigi.shop\/index.php\/san-pham\/vong-tay-tram-huong\/","title":{"rendered":"V\u00f2ng tay tr\u1ea7m h\u01b0\u01a1ng"},"content":{"rendered":"<h3 style=\"text-align: center;\"><strong>V\u00f2ng tay tr\u1ea7m h\u01b0\u01a1ng \u2013 V\u1eadt ph\u1ea9m phong th\u1ee7y, b\u00ecnh an v\u00e0 may m\u1eafn<\/strong><\/h3>\n<p class=\"ds-markdown-paragraph\"><strong>V\u00f2ng tay tr\u1ea7m h\u01b0\u01a1ng<\/strong>\u00a0t\u1eeb l\u00e2u \u0111\u00e3 \u0111\u01b0\u1ee3c xem l\u00e0 b\u1ea3o v\u1eadt trong \u0111\u1eddi s\u1ed1ng t\u00e2m linh v\u00e0 phong th\u1ee7y c\u1ee7a ng\u01b0\u1eddi \u00c1 \u0110\u00f4ng. Tr\u1ea7m h\u01b0\u01a1ng \u0111\u01b0\u1ee3c h\u00ecnh th\u00e0nh t\u1eeb c\u00e2y d\u00f3 b\u1ea7u b\u1ecb t\u1ed5n th\u01b0\u01a1ng, ti\u1ebft ra l\u1edbp nh\u1ef1a th\u01a1m qu\u00fd gi\u00e1 sau nhi\u1ec1u th\u1eadp k\u1ef7. M\u1ed7i h\u1ea1t tr\u1ea7m ch\u1ee9a \u0111\u1ef1ng tinh t\u00fay c\u1ee7a \u0111\u1ea5t tr\u1eddi, mang h\u01b0\u01a1ng th\u01a1m \u1ea5m \u00e1p, thanh khi\u1ebft, c\u00f3 t\u00e1c d\u1ee5ng an th\u1ea7n, gi\u1ea3m c\u0103ng th\u1eb3ng, xua \u0111u\u1ed5i t\u00e0 kh\u00ed v\u00e0 thu h\u00fat n\u0103ng l\u01b0\u1ee3ng t\u00edch c\u1ef1c.<\/p>\n<p class=\"ds-markdown-paragraph\">V\u00f2ng tay tr\u1ea7m h\u01b0\u01a1ng kh\u00f4ng ch\u1ec9 l\u00e0 m\u00f3n trang s\u1ee9c trang nh\u00e3 m\u00e0 c\u00f2n l\u00e0 v\u1eadt ph\u1ea9m h\u1ed9 th\u00e2n, c\u1ea7u b\u00ecnh an, may m\u1eafn cho ng\u01b0\u1eddi \u0111eo. S\u1ea3n ph\u1ea9m ph\u00f9 h\u1ee3p v\u1edbi m\u1ecdi l\u1ee9a tu\u1ed5i, gi\u1edbi t\u00ednh, r\u1ea5t th\u00edch h\u1ee3p \u0111\u1ec3 \u0111eo h\u00e0ng ng\u00e0y ho\u1eb7c t\u1eb7ng ng\u01b0\u1eddi th\u00e2n nh\u00e2n d\u1ecbp sinh nh\u1eadt, l\u1ec5 T\u1ebft, khai tr\u01b0\u01a1ng, t\u00e2n gia.<\/p>\n<h3>\u2728 \u0110\u1eb7c \u0111i\u1ec3m n\u1ed5i b\u1eadt<\/h3>\n<ul>\n<li>\n<p class=\"ds-markdown-paragraph\"><strong>Ch\u1ea5t li\u1ec7u tr\u1ea7m h\u01b0\u01a1ng t\u1ef1 nhi\u00ean 100%:<\/strong><\/p>\n<ul>\n<li>\n<p class=\"ds-markdown-paragraph\"><strong>Tr\u1ea7m K\u1ef3 Nam:<\/strong>\u00a0Lo\u1ea1i tr\u1ea7m qu\u00fd nh\u1ea5t, d\u1ea7u nhi\u1ec1u, m\u00f9i th\u01a1m n\u1ed3ng, l\u00e2u tan, v\u00e2n \u0111en \u00f3ng.<\/p>\n<\/li>\n<li>\n<p class=\"ds-markdown-paragraph\"><strong>Tr\u1ea7m H\u01b0\u01a1ng \u0110\u00e0 N\u1eb5ng, Kh\u00e1nh H\u00f2a:<\/strong>\u00a0M\u00f9i th\u01a1m d\u1ecbu nh\u1eb9, v\u00e2n n\u00e2u c\u00e1nh gi\u00e1n, gi\u00e1 th\u00e0nh ph\u1ea3i ch\u0103ng.<\/p>\n<\/li>\n<li>\n<p class=\"ds-markdown-paragraph\"><strong>Tr\u1ea7m nh\u00e2n t\u1ea1o (cao c\u1ea5p):<\/strong>\u00a0Ph\u00f9 h\u1ee3p v\u1edbi t\u00fai ti\u1ec1n, v\u1eabn c\u00f3 m\u00f9i h\u01b0\u01a1ng \u1ed5n \u0111\u1ecbnh, b\u1ec1n \u0111\u1eb9p.<\/p>\n<\/li>\n<li>\n<p class=\"ds-markdown-paragraph\">Ho\u00e0n to\u00e0n kh\u00f4ng pha t\u1ea1p ch\u1ea5t, kh\u00f4ng t\u1ea9m h\u00f3a ch\u1ea5t \u0111\u1ed9c h\u1ea1i.<\/p>\n<\/li>\n<\/ul>\n<\/li>\n<li>\n<p class=\"ds-markdown-paragraph\"><strong>\u0110\u01b0\u1eddng k\u00ednh h\u1ea1t \u0111a d\u1ea1ng:<\/strong><\/p>\n<ul>\n<li>\n<p class=\"ds-markdown-paragraph\"><strong>H\u1ea1t 6mm, 8mm:<\/strong>\u00a0Nh\u1ecf nh\u1eafn, th\u00edch h\u1ee3p cho n\u1eef, tr\u1ebb em, ho\u1eb7c \u0111eo ch\u1ed3ng nhi\u1ec1u v\u00f2ng.<\/p>\n<\/li>\n<li>\n<p class=\"ds-markdown-paragraph\"><strong>H\u1ea1t 10mm, 12mm:<\/strong>\u00a0K\u00edch th\u01b0\u1edbc v\u1eeba ph\u1ea3i, ph\u1ed5 bi\u1ebfn nh\u1ea5t, ph\u00f9 h\u1ee3p v\u1edbi c\u1ea3 nam v\u00e0 n\u1eef.<\/p>\n<\/li>\n<li>\n<p class=\"ds-markdown-paragraph\"><strong>H\u1ea1t 14mm, 16mm, 18mm:<\/strong>\u00a0L\u1edbn, m\u1ea1nh m\u1ebd, th\u01b0\u1eddng d\u00e0nh cho nam gi\u1edbi ho\u1eb7c ng\u01b0\u1eddi th\u00edch v\u00f2ng to b\u1ea3n.<\/p>\n<\/li>\n<\/ul>\n<\/li>\n<li>\n<p class=\"ds-markdown-paragraph\"><strong>M\u00e0u s\u1eafc t\u1ef1 nhi\u00ean:<\/strong><\/p>\n<ul>\n<li>\n<p class=\"ds-markdown-paragraph\">M\u00e0u n\u00e2u c\u00e1nh gi\u00e1n (tr\u1ea7m t\u01b0\u01a1i).<\/p>\n<\/li>\n<li>\n<p class=\"ds-markdown-paragraph\">M\u00e0u \u0111en b\u00f3ng (tr\u1ea7m gi\u00e0 nhi\u1ec1u d\u1ea7u).<\/p>\n<\/li>\n<li>\n<p class=\"ds-markdown-paragraph\">M\u00e0u n\u00e2u nh\u1ea1t (tr\u1ea7m non ho\u1eb7c tr\u1ea7m nh\u00e2n t\u1ea1o).<\/p>\n<\/li>\n<\/ul>\n<\/li>\n<li>\n<p class=\"ds-markdown-paragraph\"><strong>M\u00f9i h\u01b0\u01a1ng \u0111\u1eb7c tr\u01b0ng:<\/strong><\/p>\n<ul>\n<li>\n<p class=\"ds-markdown-paragraph\">M\u00f9i \u1ea5m, ng\u1ecdt nh\u1eb9, thoang tho\u1ea3ng, kh\u00f4ng n\u1ed3ng g\u1eaft.<\/p>\n<\/li>\n<li>\n<p class=\"ds-markdown-paragraph\">C\u00e0ng \u0111eo l\u00e2u, m\u00f9i c\u00e0ng l\u1eafng \u0111\u1ecdng, th\u1ea9m th\u1ea5u v\u00e0o da, t\u1ea1o c\u1ea3m gi\u00e1c th\u01b0 th\u00e1i.<\/p>\n<\/li>\n<\/ul>\n<\/li>\n<li>\n<p class=\"ds-markdown-paragraph\"><strong>Ki\u1ec3u d\u00e1ng:<\/strong><\/p>\n<ul>\n<li>\n<p class=\"ds-markdown-paragraph\">V\u00f2ng tay \u0111\u01a1n (1 ho\u1eb7c 2-3 v\u00f2ng ch\u1ed3ng l\u00ean nhau).<\/p>\n<\/li>\n<li>\n<p class=\"ds-markdown-paragraph\">V\u00f2ng c\u00f3 \u0111eo th\u00eam h\u1ea1t charm (t\u1ef3 h\u01b0u, ph\u1eadt b\u1ea3n m\u1ec7nh, h\u1ea1t m\u00e3 n\u00e3o\u2026).<\/p>\n<\/li>\n<li>\n<p class=\"ds-markdown-paragraph\">V\u00f2ng tay d\u1ea1ng chu\u1ed7i d\u00e0i (\u0111eo nhi\u1ec1u v\u00f2ng).<\/p>\n<\/li>\n<\/ul>\n<\/li>\n<\/ul>\n<h3>\ud83c\udf81 C\u00f4ng d\u1ee5ng v\u00e0 \u00fd ngh\u0129a<\/h3>\n<ul>\n<li>\n<p class=\"ds-markdown-paragraph\"><strong>Phong th\u1ee7y h\u1ed9 th\u00e2n:<\/strong>\u00a0Tr\u1ea7m h\u01b0\u01a1ng \u0111\u01b0\u1ee3c cho l\u00e0 c\u00f3 kh\u1ea3 n\u0103ng xua \u0111u\u1ed5i t\u00e0 ma, tr\u00e1nh v\u1eadn xui, thu h\u00fat may m\u1eafn v\u00e0 b\u00ecnh an.<\/p>\n<\/li>\n<li>\n<p class=\"ds-markdown-paragraph\"><strong>An th\u1ea7n, th\u01b0 gi\u00e3n, c\u1ea3i thi\u1ec7n gi\u1ea5c ng\u1ee7:<\/strong>\u00a0M\u00f9i th\u01a1m tr\u1ea7m gi\u00fap gi\u1ea3m c\u0103ng th\u1eb3ng, lo \u00e2u, mang l\u1ea1i gi\u1ea5c ng\u1ee7 s\u00e2u h\u01a1n.<\/p>\n<\/li>\n<li>\n<p class=\"ds-markdown-paragraph\"><strong>L\u00e0m \u0111\u1eb9p, ph\u1ee5 ki\u1ec7n th\u1eddi trang:<\/strong>\u00a0V\u00f2ng tay tr\u1ea7m h\u01b0\u01a1ng nh\u00e3 nh\u1eb7n, sang tr\u1ecdng, ph\u00f9 h\u1ee3p v\u1edbi nhi\u1ec1u phong c\u00e1ch \u0103n m\u1eb7c.<\/p>\n<\/li>\n<li>\n<p class=\"ds-markdown-paragraph\"><strong>Qu\u00e0 t\u1eb7ng \u00fd ngh\u0129a:<\/strong>\u00a0T\u1eb7ng cha m\u1eb9, ng\u01b0\u1eddi y\u00eau, b\u1ea1n b\u00e8, \u0111\u1ed1i t\u00e1c nh\u00e2n d\u1ecbp sinh nh\u1eadt, T\u1ebft, khai tr\u01b0\u01a1ng, t\u00e2n gia. M\u00f3n qu\u00e0 v\u1eeba \u0111\u1eb9p v\u1eeba c\u1ea7u ch\u00fac b\u00ecnh an, may m\u1eafn.<\/p>\n<\/li>\n<li>\n<p class=\"ds-markdown-paragraph\"><strong>T\u1ed1t cho s\u1ee9c kh\u1ecfe:<\/strong>\u00a0Theo \u0110\u00f4ng y, m\u00f9i tr\u1ea7m h\u01b0\u01a1ng c\u00f3 t\u00e1c d\u1ee5ng h\u00e0nh kh\u00ed, ho\u1ea1t huy\u1ebft, gi\u1ea3m \u0111au \u0111\u1ea7u, m\u1ec7t m\u1ecfi.<\/p>\n<\/li>\n<\/ul>\n<h3 style=\"text-align: center;\">\ud83d\udccf B\u1ea3ng k\u00edch th\u01b0\u1edbc tham kh\u1ea3o<\/h3>\n<div class=\"ds-scroll-area ds-scroll-area--show-on-focus-within _1210dd7 c03cafe9\">\n<div class=\"ds-scroll-area__gutters\">\n<div class=\"ds-scroll-area__horizontal-gutter\"><\/div>\n<div class=\"ds-scroll-area__vertical-gutter\"><\/div>\n<\/div>\n<table>\n<thead>\n<tr>\n<th>K\u00edch th\u01b0\u1edbc h\u1ea1t<\/th>\n<th>S\u1ed1 h\u1ea1t (v\u00f2ng 1 l\u1edbp, size trung b\u00ecnh)<\/th>\n<th>Ch\u1ea5t li\u1ec7u<\/th>\n<th>Ghi ch\u00fa<\/th>\n<\/tr>\n<\/thead>\n<tbody>\n<tr>\n<td>6mm<\/td>\n<td>33-36 h\u1ea1t<\/td>\n<td>Tr\u1ea7m t\u1ef1 nhi\u00ean \/ Tr\u1ea7m nh\u00e2n t\u1ea1o<\/td>\n<td>D\u00e0nh cho c\u1ed5 tay nh\u1ecf<\/td>\n<\/tr>\n<tr>\n<td>8mm<\/td>\n<td>24-27 h\u1ea1t<\/td>\n<td>Tr\u1ea7m t\u1ef1 nhi\u00ean \/ Tr\u1ea7m nh\u00e2n t\u1ea1o<\/td>\n<td>Ph\u1ed5 bi\u1ebfn cho n\u1eef<\/td>\n<\/tr>\n<tr>\n<td>10mm<\/td>\n<td>19-21 h\u1ea1t<\/td>\n<td>Tr\u1ea7m t\u1ef1 nhi\u00ean \/ Tr\u1ea7m nh\u00e2n t\u1ea1o<\/td>\n<td>C\u1ea3 nam v\u00e0 n\u1eef<\/td>\n<\/tr>\n<tr>\n<td>12mm<\/td>\n<td>17-18 h\u1ea1t<\/td>\n<td>Tr\u1ea7m t\u1ef1 nhi\u00ean<\/td>\n<td>C\u1ed5 tay trung b\u00ecnh<\/td>\n<\/tr>\n<tr>\n<td>14mm<\/td>\n<td>15-16 h\u1ea1t<\/td>\n<td>Tr\u1ea7m t\u1ef1 nhi\u00ean<\/td>\n<td>D\u00e0nh cho nam<\/td>\n<\/tr>\n<tr>\n<td>16mm<\/td>\n<td>14-15 h\u1ea1t<\/td>\n<td>Tr\u1ea7m K\u1ef3 Nam \/ Tr\u1ea7m \u0111\u1eb7c bi\u1ec7t<\/td>\n<td>C\u1ed5 tay l\u1edbn<\/td>\n<\/tr>\n<\/tbody>\n<\/table>\n<\/div>\n<p class=\"ds-markdown-paragraph\"><em>(S\u1ed1 h\u1ea1t c\u00f3 th\u1ec3 \u0111i\u1ec1u ch\u1ec9nh theo k\u00edch th\u01b0\u1edbc c\u1ed5 tay c\u1ee7a qu\u00fd kh\u00e1ch)<\/em><\/p>\n<h3>\ud83d\udc96 T\u1ea1i sao n\u00ean ch\u1ecdn V\u00f2ng tay tr\u1ea7m h\u01b0\u01a1ng c\u1ee7a ch\u00fang t\u00f4i?<\/h3>\n<ul>\n<li>\n<p class=\"ds-markdown-paragraph\"><strong>Tr\u1ea7m t\u1ef1 nhi\u00ean, ngu\u1ed3n g\u1ed1c r\u00f5 r\u00e0ng:<\/strong>\u00a0C\u00f3 gi\u1ea5y ki\u1ec3m \u0111\u1ecbnh, cam k\u1ebft ho\u00e0n ti\u1ec1n n\u1ebfu ph\u00e1t hi\u1ec7n h\u00e0ng gi\u1ea3, h\u00e0ng t\u1ea9m h\u00f3a ch\u1ea5t.<\/p>\n<\/li>\n<li>\n<p class=\"ds-markdown-paragraph\"><strong>Ch\u1ecdn h\u1ea1t \u0111\u1eb9p, v\u00e2n g\u1ed7 r\u00f5, \u0111\u1ed9 b\u00f3ng cao, \u00edt khuy\u1ebft t\u1eadt.<\/strong><\/p>\n<\/li>\n<li>\n<p class=\"ds-markdown-paragraph\"><strong>H\u1ea1t \u0111\u01b0\u1ee3c m\u00e0i nh\u1eb5n, khoan l\u1ed7 ch\u00ednh x\u00e1c, x\u00e2u s\u1ee3i d\u00e2y co gi\u00e3n cao c\u1ea5p (ho\u1eb7c d\u00e2y c\u1ed1 \u0111\u1ecbnh theo y\u00eau c\u1ea7u).<\/strong><\/p>\n<\/li>\n<li>\n<p class=\"ds-markdown-paragraph\"><strong>\u0110\u00f3ng h\u1ed9p g\u1ed7 ho\u1eb7c h\u1ed9p v\u1ea3i \u0111\u1eb9p<\/strong>\u00a0\u2013 s\u1eb5n s\u00e0ng l\u00e0m qu\u00e0 t\u1eb7ng.<\/p>\n<\/li>\n<li>\n<p class=\"ds-markdown-paragraph\"><strong>T\u01b0 v\u1ea5n ch\u1ecdn k\u00edch th\u01b0\u1edbc ph\u00f9 h\u1ee3p v\u1edbi c\u1ed5 tay v\u00e0 m\u1ec7nh phong th\u1ee7y.<\/strong><\/p>\n<\/li>\n<li>\n<p class=\"ds-markdown-paragraph\"><strong>Giao h\u00e0ng to\u00e0n qu\u1ed1c<\/strong>\u00a0\u2013 Nh\u1eadn h\u00e0ng ki\u1ec3m tra m\u1edbi thanh to\u00e1n (COD).<\/p>\n<\/li>\n<li>\n<p class=\"ds-markdown-paragraph\"><strong>B\u1ea3o h\u00e0nh 12 th\u00e1ng<\/strong> \u0111\u1ed1i v\u1edbi c\u00e1c l\u1ed7i \u0111\u1ee9t d\u00e2y, h\u1ecfng h\u1ea1t do nh\u00e0 s\u1ea3n xu\u1ea5t.<\/p>\n<\/li>\n<\/ul>\n<h3>\ud83d\uded2 \u0110\u1eb7t mua ngay<\/h3>\n<p class=\"ds-markdown-paragraph\">Qu\u00fd kh\u00e1ch vui l\u00f2ng ch\u1ecdn k\u00edch th\u01b0\u1edbc h\u1ea1t (6mm, 8mm, 10mm, 12mm, 14mm, 16mm), ch\u1ea5t li\u1ec7u (tr\u1ea7m t\u1ef1 nhi\u00ean \/ tr\u1ea7m nh\u00e2n t\u1ea1o \/ tr\u1ea7m K\u1ef3 Nam) v\u00e0 s\u1ed1 l\u01b0\u1ee3ng h\u1ea1t (ho\u1eb7c ghi ch\u00fa k\u00edch th\u01b0\u1edbc c\u1ed5 tay) b\u00ean d\u01b0\u1edbi. Mua t\u1eeb 2 v\u00f2ng tr\u1edf l\u00ean \u0111\u01b0\u1ee3c gi\u1ea3m 10% v\u00e0 t\u1eb7ng k\u00e8m t\u00fai v\u1ea3i.<\/p>\n<p style=\"text-align: center;\">Ch\u00e2n th\u00e0nh c\u1ea3m \u01a1n qu\u00fd kh\u00e1ch h\u00e0ng \u0111\u00e3 gh\u00e9 th\u0103m v\u00e0 \u1ee7ng h\u1ed9\u00a0<a href=\"https:\/\/barostore.azdigi.shop\/\">Baro Store<\/a>.<\/p>\n","protected":false},"excerpt":{"rendered":"<p>V\u00f2ng tay tr\u1ea7m h\u01b0\u01a1ng, s\u1ea3n ph\u1ea9m phong th\u1ee7y cao c\u1ea5p, \u0111\u01b0\u1ee3c l\u00e0m t\u1eeb g\u1ed7 tr\u1ea7m h\u01b0\u01a1ng t\u1ef1 nhi\u00ean (tr\u1ea7m K\u1ef3 Nam ho\u1eb7c tr\u1ea7m H\u01b0\u01a1ng \u0110\u00e0 N\u1eb5ng). H\u1ea1t tr\u1ea7m c\u00f3 v\u00e2n g\u1ed7 \u0111\u1eb9p, m\u00e0u n\u00e2u c\u00e1nh gi\u00e1n ho\u1eb7c \u0111en b\u00f3ng, m\u00f9i th\u01a1m \u1ea5m, d\u1ecbu nh\u1eb9, gi\u00fap an th\u1ea7n, th\u01b0 gi\u00e3n, xua \u0111u\u1ed5i t\u00e0 kh\u00ed. V\u00f2ng tay th\u00edch h\u1ee3p \u0111eo h\u00e0ng ng\u00e0y \u0111\u1ec3 c\u1ea7u may m\u1eafn, b\u00ecnh an, ho\u1eb7c l\u00e0m qu\u00e0 t\u1eb7ng \u00fd ngh\u0129a cho ng\u01b0\u1eddi th\u00e2n, b\u1ea1n b\u00e8.<\/p>\n","protected":false},"featured_media":807,"comment_status":"open","ping_status":"closed","template":"","meta":[],"product_cat":[16],"product_tag":[],"class_list":{"0":"post-806","1":"product","2":"type-product","3":"status-publish","4":"has-post-thumbnail","6":"product_cat-chua-phan-loai","8":"first","9":"instock","10":"shipping-taxable","11":"purchasable","12":"product-type-variable","13":"has-default-attributes"},"_links":{"self":[{"href":"https:\/\/barostore.azdigi.shop\/index.php\/wp-json\/wp\/v2\/product\/806","targetHints":{"allow":["GET"]}}],"collection":[{"href":"https:\/\/barostore.azdigi.shop\/index.php\/wp-json\/wp\/v2\/product"}],"about":[{"href":"https:\/\/barostore.azdigi.shop\/index.php\/wp-json\/wp\/v2\/types\/product"}],"replies":[{"embeddable":true,"href":"https:\/\/barostore.azdigi.shop\/index.php\/wp-json\/wp\/v2\/comments?post=806"}],"wp:featuredmedia":[{"embeddable":true,"href":"https:\/\/barostore.azdigi.shop\/index.php\/wp-json\/wp\/v2\/media\/807"}],"wp:attachment":[{"href":"https:\/\/barostore.azdigi.shop\/index.php\/wp-json\/wp\/v2\/media?parent=806"}],"wp:term":[{"taxonomy":"product_cat","embeddable":true,"href":"https:\/\/barostore.azdigi.shop\/index.php\/wp-json\/wp\/v2\/product_cat?post=806"},{"taxonomy":"product_tag","embeddable":true,"href":"https:\/\/barostore.azdigi.shop\/index.php\/wp-json\/wp\/v2\/product_tag?post=806"}],"curies":[{"name":"wp","href":"https:\/\/api.w.org\/{rel}","templated":true}]}}